{"id":5,"date":"2023-03-07T19:05:59","date_gmt":"2023-03-07T16:05:59","guid":{"rendered":"https:\/\/sahinsunideri.com\/fabrika\/?page_id=5"},"modified":"2023-03-08T15:04:05","modified_gmt":"2023-03-08T12:04:05","slug":"biz-kimiz","status":"publish","type":"page","link":"https:\/\/sahinsunideri.com\/fabrika\/biz-kimiz\/","title":{"rendered":"Biz Kimiz?"},"content":{"rendered":"\n<div class=\"wp-block-columns is-layout-flex wp-container-core-columns-is-layout-9d6595d7 wp-block-columns-is-layout-flex\">\n<div class=\"wp-block-column is-layout-flow wp-block-column-is-layout-flow\" style=\"flex-basis:33.33%\">\n<figure class=\"wp-block-image size-full\"><img loading=\"lazy\" decoding=\"async\" width=\"400\" height=\"800\" src=\"https:\/\/sahinsunideri.com\/fabrika\/wp-content\/uploads\/2023\/03\/biz-kimiz.jpg\" alt=\"\" class=\"wp-image-8\" srcset=\"https:\/\/sahinsunideri.com\/fabrika\/wp-content\/uploads\/2023\/03\/biz-kimiz.jpg 400w, https:\/\/sahinsunideri.com\/fabrika\/wp-content\/uploads\/2023\/03\/biz-kimiz-150x300.jpg 150w, https:\/\/sahinsunideri.com\/fabrika\/wp-content\/uploads\/2023\/03\/biz-kimiz-124x247.jpg 124w, https:\/\/sahinsunideri.com\/fabrika\/wp-content\/uploads\/2023\/03\/biz-kimiz-160x320.jpg 160w, https:\/\/sahinsunideri.com\/fabrika\/wp-content\/uploads\/2023\/03\/biz-kimiz-250x500.jpg 250w, https:\/\/sahinsunideri.com\/fabrika\/wp-content\/uploads\/2023\/03\/biz-kimiz-100x200.jpg 100w, https:\/\/sahinsunideri.com\/fabrika\/wp-content\/uploads\/2023\/03\/biz-kimiz-200x400.jpg 200w\" sizes=\"auto, (max-width: 400px) 100vw, 400px\" \/><\/figure>\n<\/div>\n\n\n\n<div class=\"wp-block-column is-layout-flow wp-block-column-is-layout-flow\" style=\"flex-basis:66.66%\">\n<h2 class=\"wp-block-heading\">Hakk\u0131m\u0131zda<\/h2>\n\n\n\n<p><strong>\u015eahin Deri\u0307 ve Suni\u0307 Deri\u0307 San. Tic. Ltd.<\/strong> 1989 y\u0131l\u0131nda Beyaz\u0131t\u2019ta suni\u0307 deri\u0307 ticareti\u0307 yapmak i\u00e7in kurulmu\u015f bir aile firmas\u0131d\u0131r.<\/p>\n\n\n\n<p>40m2\u2019li\u0307k bir d\u00fckkanda ba\u015flayan ser\u00fcvenimiz, Beyaz\u0131t\u2019ta bulunan Esirci\u0307 Kemalettin sokakta 450 m2 6 katli yeni\u0307 binas\u0131nda devam etmektedir.<\/p>\n\n\n\n<p>Kurulu\u015fumuzdan bu zamana kadar, a\u011f\u0131rl\u0131kl\u0131 olarak \u00e7anta, ayakkab\u0131, kemer, gibi\u0307 \u00fcr\u00fcnlerde kullan\u0131lan , suni\u0307 deri\u0307 \u00e7e\u015fitlerimiz, her sezon yenilenen renkleri\u0307 ve t\u00fcrleri\u0307 ile b\u00fcy\u00fcmektedir.<\/p>\n\n\n\n<p>Sekt\u00f6rdeki\u0307 30 y\u0131ll\u0131k tecr\u00fcbesi\u0307 ile siz de\u011ferli\u0307 m\u00fc\u015fterilerimize; yeni\u0307 ufuklar ve vizyon sa\u011flayan \u00e7e\u015fitlerimiz ile ,g\u00fcn g\u00fcn b\u00fcy\u00fcy\u00fcp geli\u015ferek yoluna devam etmektedir.<\/p>\n\n\n\n<p>\u015eirketimizin misyonu; moda trendlerini\u0307 ve geli\u015fen teknolojiyi\u0307 takip etmek, sekt\u00f6re y\u00f6n vermek, kaliteden \u00f6d\u00fcn vermemek ve m\u00fc\u015fteri\u0307 memnuniyetine \u00f6ncelik vermektir.<\/p>\n<\/div>\n<\/div>\n","protected":false},"excerpt":{"rendered":"<p>Hakk\u0131m\u0131zda \u015eahin Deri\u0307 ve Suni\u0307 Deri\u0307 San. Tic. Ltd. 1989 y\u0131l\u0131nda Beyaz\u0131t\u2019ta suni\u0307 deri\u0307 ticareti\u0307 yapmak i\u00e7in kurulmu\u015f bir aile firmas\u0131d\u0131r. 40m2\u2019li\u0307k bir d\u00fckkanda ba\u015flayan ser\u00fcvenimiz, Beyaz\u0131t\u2019ta bulunan Esirci\u0307 Kemalettin sokakta 450 m2 6 katli yeni\u0307 binas\u0131nda devam etmektedir. Kurulu\u015fumuzdan bu zamana kadar, a\u011f\u0131rl\u0131kl\u0131 olarak \u00e7anta, ayakkab\u0131, kemer, gibi\u0307 \u00fcr\u00fcnlerde kullan\u0131lan , suni\u0307 deri\u0307 \u00e7e\u015fitlerimiz, [&hellip;]<\/p>\n","protected":false},"author":1,"featured_media":0,"parent":0,"menu_order":0,"comment_status":"closed","ping_status":"closed","template":"","meta":{"footnotes":""},"class_list":["post-5","page","type-page","status-publish","hentry"],"_links":{"self":[{"href":"https:\/\/sahinsunideri.com\/fabrika\/wp-json\/wp\/v2\/pages\/5","targetHints":{"allow":["GET"]}}],"collection":[{"href":"https:\/\/sahinsunideri.com\/fabrika\/wp-json\/wp\/v2\/pages"}],"about":[{"href":"https:\/\/sahinsunideri.com\/fabrika\/wp-json\/wp\/v2\/types\/page"}],"author":[{"embeddable":true,"href":"https:\/\/sahinsunideri.com\/fabrika\/wp-json\/wp\/v2\/users\/1"}],"replies":[{"embeddable":true,"href":"https:\/\/sahinsunideri.com\/fabrika\/wp-json\/wp\/v2\/comments?post=5"}],"version-history":[{"count":3,"href":"https:\/\/sahinsunideri.com\/fabrika\/wp-json\/wp\/v2\/pages\/5\/revisions"}],"predecessor-version":[{"id":10,"href":"https:\/\/sahinsunideri.com\/fabrika\/wp-json\/wp\/v2\/pages\/5\/revisions\/10"}],"wp:attachment":[{"href":"https:\/\/sahinsunideri.com\/fabrika\/wp-json\/wp\/v2\/media?parent=5"}],"curies":[{"name":"wp","href":"https:\/\/api.w.org\/{rel}","templated":true}]}}