{"id":23,"date":"2023-03-13T14:45:54","date_gmt":"2023-03-13T11:45:54","guid":{"rendered":"https:\/\/sahinsunideri.com\/fabrika\/?page_id=23"},"modified":"2023-03-25T13:21:06","modified_gmt":"2023-03-25T10:21:06","slug":"iletisim","status":"publish","type":"page","link":"https:\/\/sahinsunideri.com\/fabrika\/iletisim\/","title":{"rendered":"\u0130leti\u015fim"},"content":{"rendered":"\n<div class=\"col-xl-12\">\n<div class=\"contact-info-box-style1\">\n  <div class=\"contact-info-1\">\n     <div class=\"contactalani col-md-4 col-12\">\n<a class=\"contacts\" href=\"tel:+902127714140\">\n      <div class=\"icon\">\n      <span class=\"icon-telephone\"><\/span>\n      <\/div>\n      <div class=\"text\">\n       <h3>Telefon<\/h3>\n       <p>\n       0212 771 41 40\n       <\/p>\n      <\/div>\n<\/a>\n     <\/div>\n     <div class=\"contactalani col-md-4 col-12\">\n<a class=\"contacts\" href=\"mailto:pazarlama@sahinsunideri.com\">\n      <div class=\"icon\">\n      <span class=\"icon-envelope\"><\/span>\n      <\/div>\n      <div class=\"text\">\n       <h3>Email<\/h3>\n       <p>pazarlama@sahinsunideri.com<\/p>\n      <\/div>\n<\/a>\n     <\/div>\n   <div class=\"contactalani col-md-4 col-12\">\n<a class=\"contacts\" href=\"#\">\n      <div class=\"icon\">\n      <span class=\"icon-location\"><\/span>\n      <\/div>\n      <div class=\"text\">\n       <h3>Adres<\/h3>\n       <p>Hastane mah. Had\u0131mk\u00f6y- \u0130stanbul CD. No:66-1 Arnavutk\u00f6y\/istanbul<\/p>\n      <\/div>\n\t  <\/a>\n     <\/div>\n\n   <\/div>\n<\/div>\n<\/div>\n<div class=\"col-xl-12\">\n <div class=\"google-map\">\n  <iframe src=\"https:\/\/www.google.com\/maps\/embed?pb=!1m18!1m12!1m3!1d3004.226831974187!2d28.61449031525617!3d41.15140147928652!2m3!1f0!2f0!3f0!3m2!1i1024!2i768!4f13.1!3m3!1m2!1s0x14cab99a9ee1ba9b%3A0xcac757eb0c449c0f!2zxZ5BSMSwTiBTVU7EsCBERVLEsCBTQU4uVMSwQy5BLsWeLi0oRkFCUsSwS0Ep!5e0!3m2!1str!2str!4v1679739607175!5m2!1str!2str\" width=\"100%\" height=\"450\" style=\"border:0;\" allowfullscreen=\"\" loading=\"lazy\" referrerpolicy=\"no-referrer-when-downgrade\"><\/iframe>\n <\/div>\n<\/div>\n","protected":false},"excerpt":{"rendered":"<p>Telefon 0212 771 41 40 Email pazarlama@sahinsunideri.com Adres Hastane mah. Had\u0131mk\u00f6y- \u0130stanbul CD. No:66-1 Arnavutk\u00f6y\/istanbul<\/p>\n","protected":false},"author":1,"featured_media":0,"parent":0,"menu_order":0,"comment_status":"closed","ping_status":"closed","template":"page-contact.php","meta":{"footnotes":""},"class_list":["post-23","page","type-page","status-publish","hentry"],"_links":{"self":[{"href":"https:\/\/sahinsunideri.com\/fabrika\/wp-json\/wp\/v2\/pages\/23","targetHints":{"allow":["GET"]}}],"collection":[{"href":"https:\/\/sahinsunideri.com\/fabrika\/wp-json\/wp\/v2\/pages"}],"about":[{"href":"https:\/\/sahinsunideri.com\/fabrika\/wp-json\/wp\/v2\/types\/page"}],"author":[{"embeddable":true,"href":"https:\/\/sahinsunideri.com\/fabrika\/wp-json\/wp\/v2\/users\/1"}],"replies":[{"embeddable":true,"href":"https:\/\/sahinsunideri.com\/fabrika\/wp-json\/wp\/v2\/comments?post=23"}],"version-history":[{"count":15,"href":"https:\/\/sahinsunideri.com\/fabrika\/wp-json\/wp\/v2\/pages\/23\/revisions"}],"predecessor-version":[{"id":75,"href":"https:\/\/sahinsunideri.com\/fabrika\/wp-json\/wp\/v2\/pages\/23\/revisions\/75"}],"wp:attachment":[{"href":"https:\/\/sahinsunideri.com\/fabrika\/wp-json\/wp\/v2\/media?parent=23"}],"curies":[{"name":"wp","href":"https:\/\/api.w.org\/{rel}","templated":true}]}}